{"id":5705,"date":"2017-05-07T20:50:57","date_gmt":"2017-05-07T18:50:57","guid":{"rendered":"https:\/\/www.bonninsanso.com\/discoverymenorca\/?page_id=5705"},"modified":"2019-12-16T18:43:27","modified_gmt":"2019-12-16T17:43:27","slug":"meteo-menorca","status":"publish","type":"page","link":"https:\/\/www.bonninsanso.com\/discoverymenorca\/meteo-menorca\/","title":{"rendered":"M\u00e9teo Menorca"},"content":{"rendered":"<p>[vc_row][vc_column][vc_column_text]<\/p>\n<p style=\"text-align: center;\"><strong>Viento Menorca<\/strong><\/p>\n<p style=\"text-align: center;\"><iframe loading=\"lazy\" src=\"https:\/\/embed.windy.com\/embed2.html?lat=39.953&amp;lon=4.076&amp;zoom=10&amp;level=surface&amp;overlay=wind&amp;menu=&amp;message=&amp;marker=&amp;forecast=12&amp;calendar=in&amp;location=coordinates&amp;type=map&amp;actualGrid=&amp;metricWind=kt&amp;metricTemp=%C2%B0C\" width=\"650\" height=\"450\" frameborder=\"0\"><\/iframe><\/p>\n<p style=\"text-align: center;\"><strong>Temperatura Menorca<br \/>\n<\/strong><\/p>\n<p style=\"text-align: center;\"><iframe loading=\"lazy\" src=\"https:\/\/embed.windy.com\/embed2.html?lat=39.673&amp;lon=3.120&amp;zoom=8&amp;level=surface&amp;overlay=temp&amp;menu=&amp;message=&amp;marker=&amp;forecast=12&amp;calendar=now&amp;location=coordinates&amp;type=map&amp;actualGrid=&amp;metricWind=kt&amp;metricTemp=%C2%B0C\" width=\"650\" height=\"450\" frameborder=\"0\"><\/iframe><\/p>\n<h2 style=\"text-align: center;\">Previsi\u00f3n a 4 d\u00edas Mah\u00f3n<\/h2>\n<div id=\"cont_ed94b68353cbb31c4d9417c7550d5295\"><script type=\"text\/javascript\" async src=\"https:\/\/www.tiempo.com\/wid_loader\/ed94b68353cbb31c4d9417c7550d5295\"><\/script><\/div>\n<p>[\/vc_column_text][vc_column_text]<\/p>\n<div id=\"cont_16706b66fd4e52f170ecc0e63db9c0c2\"><script type=\"text\/javascript\" async src=\"https:\/\/www.tameteo.com\/wid_loader\/16706b66fd4e52f170ecc0e63db9c0c2\"><\/script><\/div>\n<p>[\/vc_column_text][\/vc_column][\/vc_row][vc_row][vc_column width=\u00bb1\/2&#8243;][vc_column_text]<strong>Calendario Lunar<\/strong><\/p>\n<p><span style=\"font-size: 10px; font-family: Verdana, Arial, Helvetica, sans-serif;\"><a href=\"https:\/\/www.schulferien.org\/mondkalender\/\">Mondkalender<\/a> (c) by schulferien.org<\/span><br \/>\n<iframe loading=\"lazy\" src=\"https:\/\/www.schulferien.org\/mondkalender\/partner\/mondkalender_partner.html\" name=\"Mondkalenderframe\" width=\"388\" height=\"270\" frameborder=\"0\" marginwidth=\"0\" marginheight=\"0\" scrolling=\"no\"><\/iframe>[\/vc_column_text][\/vc_column][vc_column width=\u00bb1\/2&#8243;][vc_column_text]<strong>Fase Lunar<\/strong><br \/>\n<a style=\"text-decoration: none;\" href=\"http:\/\/www.calendrier-lunaire.net\/\" target=\"blank\" rel=\"noopener noreferrer\"><img title=\"La Lune\" src=\"http:\/\/www.calendrier-lunaire.net\/module\/LYWR2YW5jZWQtMzI5LWgyLTE1MTE3MzA5NDguMDAzMi0jMTUwOTFmLTQwMC0jZGVlYWI0LTE1MTE3MzA5NDgtMi0xMA.png\" alt=\"La Lune\" \/><\/a><\/p>\n<p>[\/vc_column_text][\/vc_column][\/vc_row][vc_row][vc_column width=\u00bb1\/2&#8243;][vc_column_text]<a id=\"time_is_link\" style=\"font-size: 36px;\" href=\"https:\/\/time.is\/Mahon\" rel=\"nofollow\">El sol en Mah\u00f3n:<\/a><br \/>\n<span id=\"Mahon_z718\" style=\"font-size: 36px;\"><\/span><br \/>\n<script src=\"\/\/widget.time.is\/en.js\"><\/script><br \/>\n<script>\ntime_is_widget.init({Mahon_z718:{template:\"TIME<br \/>SUN\", time_format:\"hours:minutes\", sun_format:\"Sunrise: srhour:srminute Sunset: sshour:ssminute\", coords:\"39.8885300,4.2658300\"}});\n<\/script>[\/vc_column_text][\/vc_column][vc_column width=\u00bb1\/2&#8243;][\/vc_column][\/vc_row]<\/p>\n","protected":false},"excerpt":{"rendered":"<p>[vc_row][vc_column][vc_column_text] Viento Menorca Temperatura Menorca Previsi\u00f3n a 4 d\u00edas Mah\u00f3n [\/vc_column_text][vc_column_text] [\/vc_column_text][\/vc_column][\/vc_row][vc_row][vc_column width=\u00bb1\/2&#8243;][vc_column_text]Calendario Lunar Mondkalender (c) by schulferien.org [\/vc_column_text][\/vc_column][vc_column width=\u00bb1\/2&#8243;][vc_column_text]Fase Lunar [\/vc_column_text][\/vc_column][\/vc_row][vc_row][vc_column width=\u00bb1\/2&#8243;][vc_column_text]El sol en Mah\u00f3n: [\/vc_column_text][\/vc_column][vc_column width=\u00bb1\/2&#8243;][\/vc_column][\/vc_row]<\/p>\n","protected":false},"author":1,"featured_media":0,"parent":0,"menu_order":0,"comment_status":"closed","ping_status":"closed","template":"","meta":[],"yoast_head":"<!-- This site is optimized with the Yoast SEO plugin v17.4 - https:\/\/yoast.com\/wordpress\/plugins\/seo\/ -->\n<title>M\u00e9teo Menorca<\/title>\n<meta name=\"robots\" content=\"index, follow, max-snippet:-1, max-image-preview:large, max-video-preview:-1\" \/>\n<link rel=\"canonical\" href=\"https:\/\/www.bonninsanso.com\/discoverymenorca\/meteo-menorca\/\" \/>\n<meta property=\"og:locale\" content=\"es_ES\" \/>\n<meta property=\"og:type\" content=\"article\" \/>\n<meta property=\"og:title\" content=\"M\u00e9teo Menorca\" \/>\n<meta property=\"og:description\" content=\"[vc_row][vc_column][vc_column_text] Viento Menorca Temperatura Menorca Previsi\u00f3n a 4 d\u00edas Mah\u00f3n [\/vc_column_text][vc_column_text] [\/vc_column_text][\/vc_column][\/vc_row][vc_row][vc_column width=\u00bb1\/2&#8243;][vc_column_text]Calendario Lunar Mondkalender (c) by schulferien.org [\/vc_column_text][\/vc_column][vc_column width=\u00bb1\/2&#8243;][vc_column_text]Fase Lunar [\/vc_column_text][\/vc_column][\/vc_row][vc_row][vc_column width=\u00bb1\/2&#8243;][vc_column_text]El sol en Mah\u00f3n: [\/vc_column_text][\/vc_column][vc_column width=\u00bb1\/2&#8243;][\/vc_column][\/vc_row]\" \/>\n<meta property=\"og:url\" content=\"https:\/\/www.bonninsanso.com\/discoverymenorca\/meteo-menorca\/\" \/>\n<meta property=\"og:site_name\" content=\"Blog de Menorca de Bonnin Sanso\" \/>\n<meta property=\"article:modified_time\" content=\"2019-12-16T17:43:27+00:00\" \/>\n<meta property=\"og:image\" content=\"http:\/\/www.calendrier-lunaire.net\/module\/LYWR2YW5jZWQtMzI5LWgyLTE1MTE3MzA5NDguMDAzMi0jMTUwOTFmLTQwMC0jZGVlYWI0LTE1MTE3MzA5NDgtMi0xMA.png\" \/>\n<meta name=\"twitter:card\" content=\"summary\" \/>\n<script type=\"application\/ld+json\" class=\"yoast-schema-graph\">{\"@context\":\"https:\/\/schema.org\",\"@graph\":[{\"@type\":\"WebSite\",\"@id\":\"https:\/\/www.bonninsanso.com\/discoverymenorca\/#website\",\"url\":\"https:\/\/www.bonninsanso.com\/discoverymenorca\/\",\"name\":\"Blog de Menorca de Bonnin Sanso\",\"description\":\"Informaci\\u00f3n sobre playas, zonas, rutas, tiendas y planes que hacer en Menorca.\",\"potentialAction\":[{\"@type\":\"SearchAction\",\"target\":{\"@type\":\"EntryPoint\",\"urlTemplate\":\"https:\/\/www.bonninsanso.com\/discoverymenorca\/?s={search_term_string}\"},\"query-input\":\"required name=search_term_string\"}],\"inLanguage\":\"es\"},{\"@type\":\"ImageObject\",\"@id\":\"https:\/\/www.bonninsanso.com\/discoverymenorca\/meteo-menorca\/#primaryimage\",\"inLanguage\":\"es\",\"url\":\"http:\/\/www.calendrier-lunaire.net\/module\/LYWR2YW5jZWQtMzI5LWgyLTE1MTE3MzA5NDguMDAzMi0jMTUwOTFmLTQwMC0jZGVlYWI0LTE1MTE3MzA5NDgtMi0xMA.png\",\"contentUrl\":\"http:\/\/www.calendrier-lunaire.net\/module\/LYWR2YW5jZWQtMzI5LWgyLTE1MTE3MzA5NDguMDAzMi0jMTUwOTFmLTQwMC0jZGVlYWI0LTE1MTE3MzA5NDgtMi0xMA.png\"},{\"@type\":\"WebPage\",\"@id\":\"https:\/\/www.bonninsanso.com\/discoverymenorca\/meteo-menorca\/#webpage\",\"url\":\"https:\/\/www.bonninsanso.com\/discoverymenorca\/meteo-menorca\/\",\"name\":\"M\\u00e9teo Menorca\",\"isPartOf\":{\"@id\":\"https:\/\/www.bonninsanso.com\/discoverymenorca\/#website\"},\"primaryImageOfPage\":{\"@id\":\"https:\/\/www.bonninsanso.com\/discoverymenorca\/meteo-menorca\/#primaryimage\"},\"datePublished\":\"2017-05-07T18:50:57+00:00\",\"dateModified\":\"2019-12-16T17:43:27+00:00\",\"breadcrumb\":{\"@id\":\"https:\/\/www.bonninsanso.com\/discoverymenorca\/meteo-menorca\/#breadcrumb\"},\"inLanguage\":\"es\",\"potentialAction\":[{\"@type\":\"ReadAction\",\"target\":[\"https:\/\/www.bonninsanso.com\/discoverymenorca\/meteo-menorca\/\"]}]},{\"@type\":\"BreadcrumbList\",\"@id\":\"https:\/\/www.bonninsanso.com\/discoverymenorca\/meteo-menorca\/#breadcrumb\",\"itemListElement\":[{\"@type\":\"ListItem\",\"position\":1,\"name\":\"Portada\",\"item\":\"https:\/\/www.bonninsanso.com\/discoverymenorca\/\"},{\"@type\":\"ListItem\",\"position\":2,\"name\":\"M\\u00e9teo Menorca\"}]}]}<\/script>\n<!-- \/ Yoast SEO plugin. -->","yoast_head_json":{"title":"M\u00e9teo Menorca","robots":{"index":"index","follow":"follow","max-snippet":"max-snippet:-1","max-image-preview":"max-image-preview:large","max-video-preview":"max-video-preview:-1"},"canonical":"https:\/\/www.bonninsanso.com\/discoverymenorca\/meteo-menorca\/","og_locale":"es_ES","og_type":"article","og_title":"M\u00e9teo Menorca","og_description":"[vc_row][vc_column][vc_column_text] Viento Menorca Temperatura Menorca Previsi\u00f3n a 4 d\u00edas Mah\u00f3n [\/vc_column_text][vc_column_text] [\/vc_column_text][\/vc_column][\/vc_row][vc_row][vc_column width=\u00bb1\/2&#8243;][vc_column_text]Calendario Lunar Mondkalender (c) by schulferien.org [\/vc_column_text][\/vc_column][vc_column width=\u00bb1\/2&#8243;][vc_column_text]Fase Lunar [\/vc_column_text][\/vc_column][\/vc_row][vc_row][vc_column width=\u00bb1\/2&#8243;][vc_column_text]El sol en Mah\u00f3n: [\/vc_column_text][\/vc_column][vc_column width=\u00bb1\/2&#8243;][\/vc_column][\/vc_row]","og_url":"https:\/\/www.bonninsanso.com\/discoverymenorca\/meteo-menorca\/","og_site_name":"Blog de Menorca de Bonnin Sanso","article_modified_time":"2019-12-16T17:43:27+00:00","og_image":[{"url":"http:\/\/www.calendrier-lunaire.net\/module\/LYWR2YW5jZWQtMzI5LWgyLTE1MTE3MzA5NDguMDAzMi0jMTUwOTFmLTQwMC0jZGVlYWI0LTE1MTE3MzA5NDgtMi0xMA.png"}],"twitter_card":"summary","schema":{"@context":"https:\/\/schema.org","@graph":[{"@type":"WebSite","@id":"https:\/\/www.bonninsanso.com\/discoverymenorca\/#website","url":"https:\/\/www.bonninsanso.com\/discoverymenorca\/","name":"Blog de Menorca de Bonnin Sanso","description":"Informaci\u00f3n sobre playas, zonas, rutas, tiendas y planes que hacer en Menorca.","potentialAction":[{"@type":"SearchAction","target":{"@type":"EntryPoint","urlTemplate":"https:\/\/www.bonninsanso.com\/discoverymenorca\/?s={search_term_string}"},"query-input":"required name=search_term_string"}],"inLanguage":"es"},{"@type":"ImageObject","@id":"https:\/\/www.bonninsanso.com\/discoverymenorca\/meteo-menorca\/#primaryimage","inLanguage":"es","url":"http:\/\/www.calendrier-lunaire.net\/module\/LYWR2YW5jZWQtMzI5LWgyLTE1MTE3MzA5NDguMDAzMi0jMTUwOTFmLTQwMC0jZGVlYWI0LTE1MTE3MzA5NDgtMi0xMA.png","contentUrl":"http:\/\/www.calendrier-lunaire.net\/module\/LYWR2YW5jZWQtMzI5LWgyLTE1MTE3MzA5NDguMDAzMi0jMTUwOTFmLTQwMC0jZGVlYWI0LTE1MTE3MzA5NDgtMi0xMA.png"},{"@type":"WebPage","@id":"https:\/\/www.bonninsanso.com\/discoverymenorca\/meteo-menorca\/#webpage","url":"https:\/\/www.bonninsanso.com\/discoverymenorca\/meteo-menorca\/","name":"M\u00e9teo Menorca","isPartOf":{"@id":"https:\/\/www.bonninsanso.com\/discoverymenorca\/#website"},"primaryImageOfPage":{"@id":"https:\/\/www.bonninsanso.com\/discoverymenorca\/meteo-menorca\/#primaryimage"},"datePublished":"2017-05-07T18:50:57+00:00","dateModified":"2019-12-16T17:43:27+00:00","breadcrumb":{"@id":"https:\/\/www.bonninsanso.com\/discoverymenorca\/meteo-menorca\/#breadcrumb"},"inLanguage":"es","potentialAction":[{"@type":"ReadAction","target":["https:\/\/www.bonninsanso.com\/discoverymenorca\/meteo-menorca\/"]}]},{"@type":"BreadcrumbList","@id":"https:\/\/www.bonninsanso.com\/discoverymenorca\/meteo-menorca\/#breadcrumb","itemListElement":[{"@type":"ListItem","position":1,"name":"Portada","item":"https:\/\/www.bonninsanso.com\/discoverymenorca\/"},{"@type":"ListItem","position":2,"name":"M\u00e9teo Menorca"}]}]}},"_links":{"self":[{"href":"https:\/\/www.bonninsanso.com\/discoverymenorca\/wp-json\/wp\/v2\/pages\/5705"}],"collection":[{"href":"https:\/\/www.bonninsanso.com\/discoverymenorca\/wp-json\/wp\/v2\/pages"}],"about":[{"href":"https:\/\/www.bonninsanso.com\/discoverymenorca\/wp-json\/wp\/v2\/types\/page"}],"author":[{"embeddable":true,"href":"https:\/\/www.bonninsanso.com\/discoverymenorca\/wp-json\/wp\/v2\/users\/1"}],"replies":[{"embeddable":true,"href":"https:\/\/www.bonninsanso.com\/discoverymenorca\/wp-json\/wp\/v2\/comments?post=5705"}],"version-history":[{"count":22,"href":"https:\/\/www.bonninsanso.com\/discoverymenorca\/wp-json\/wp\/v2\/pages\/5705\/revisions"}],"predecessor-version":[{"id":8881,"href":"https:\/\/www.bonninsanso.com\/discoverymenorca\/wp-json\/wp\/v2\/pages\/5705\/revisions\/8881"}],"wp:attachment":[{"href":"https:\/\/www.bonninsanso.com\/discoverymenorca\/wp-json\/wp\/v2\/media?parent=5705"}],"curies":[{"name":"wp","href":"https:\/\/api.w.org\/{rel}","templated":true}]}}