{"id":5806,"date":"2017-05-24T09:12:39","date_gmt":"2017-05-24T07:12:39","guid":{"rendered":"https:\/\/www.bonninsanso.com\/discoverymenorca\/?page_id=5806"},"modified":"2017-07-31T18:14:32","modified_gmt":"2017-07-31T16:14:32","slug":"concurso-fotografico-discovery-menorca-2017","status":"publish","type":"page","link":"https:\/\/www.bonninsanso.com\/discoverymenorca\/concurso-fotografico-discovery-menorca-2017\/","title":{"rendered":"Concurso Fotogr\u00e1fico Discovery Menorca 2017"},"content":{"rendered":"<p>[vc_row][vc_column][vc_column_text]<\/p>\n<h2>1. T\u00e9rminos y condiciones<\/h2>\n<p>Las presentes bases del concurso ampl\u00edan los t\u00e9rminos y condiciones de uso https:\/\/fomunity.com\/legal del servicio Fomunity. En caso de entrar en contradicci\u00f3n prevalecer\u00e1n las condiciones establecidas en las presentes bases.<\/p>\n<p>La participaci\u00f3n en este concurso implica la aceptaci\u00f3n de los t\u00e9rminos y condiciones de uso de Fomunity, de todas sus bases y normativa del concurso, as\u00ed como los cambios que Fomunity pueda llevar a cabo por causas justificadas.<\/p>\n<h2>2. Convoca<\/h2>\n<p>Bonnin Sans\u00f3 Menorca SL<\/p>\n<h2>3. Participantes<\/h2>\n<p>Podr\u00e1n participar todos los fot\u00f3grafos profesionales o aficionados que est\u00e9n interesados, siempre y cuando sean mayores de 16 a\u00f1os.<\/p>\n<h2>4. Tema<\/h2>\n<div data-canvas-width=\"23.164403153153145\">\n<p><strong>Tu mejor experiencia en Menorca.<\/strong> Recorre sus playas, sus calles, visita sus faros. Queremos ver las mejores fotograf\u00edas de nuestra maravillosa isla mediterr\u00e1nea.<\/p>\n<\/div>\n<div data-canvas-width=\"23.164403153153145\"><\/div>\n<h2 data-canvas-width=\"23.164403153153145\">5. Obras<\/h2>\n<p>Cada participante podr\u00e1 presentar un m\u00e1ximo de 3 fotograf\u00edas, siendo cada una de ellas no premiada en ning\u00fan otro certamen (dentro de Fomunity o no) y propiedad del autor.<br \/>\nLas fotograf\u00edas deben contar con unas medidas m\u00ednimas de 1 000 p\u00edxeles en su lado m\u00e1s corto y m\u00e1ximas de 10 000 p\u00edxeles en su lado m\u00e1s largo, con un tama\u00f1o m\u00e1ximo de 10 MB, en formato JPG (JPEG).<\/p>\n<p>Se admitir\u00e1n los ajustes propios del revelado digital (balance de blancos, exposici\u00f3n, niveles, contraste, saturaci\u00f3n, enfoque, eliminaci\u00f3n del vi\u00f1eteado&#8230;), as\u00ed como la limpieza de part\u00edculas, y recortes moderados. No se admitir\u00e1n alteraciones de la imagen, o de parte\/s de ella, que impliquen que la fotograf\u00eda pase a reflejar una realidad distinta a la fotografiada.<\/p>\n<p>A los autores de las fotograf\u00edas que alcancen la fase final de las deliberaciones se les podr\u00e1n solicitar, si fuese necesario, por cualquier medio, las aclaraciones sobre la imagen que el jurado considere pertinentes, incluidos los archivos RAW.<\/p>\n<p><span style=\"color: #ff0000;\"><span style=\"color: #333333;\">Los autores de las obras ganadoras y finalistas ceden, gratuitamente y de manera no exclusiva, los derechos de uso de dichas obras en favor de \u00abpatrocinador\u00bb. Los derechos de uso comprenden la publicaci\u00f3n en la web, blog y redes sociales y cualquier otro medio del patrocinador.<\/span><br \/>\n<\/span><\/p>\n<p>Solamente se aceptar\u00e1n las fotograf\u00edas presentadas a trav\u00e9s de la p\u00e1gina del concurso:<\/p>\n<p>https:\/\/fomunity.com\/concurso\/discoverymenorca2017<\/p>\n<p>El organizador del concurso se reserva el derecho de publicar las fotograf\u00edas presentadas, con el \u00fanico fin de dar difusi\u00f3n al concurso, en sus redes sociales, siempre indicando el t\u00edtulo, autor y enlace a la fotograf\u00eda original.<\/p>\n<p>&nbsp;<\/p>\n<h2>6. Fechas<\/h2>\n<p>El per\u00edodo de presentaci\u00f3n de las fotograf\u00edas se inicia el d\u00eda 10 de julio de 2017 a las 00:00 horas y finaliza el d\u00eda 31 de Agosto de 2017 a las 23:59 horas.<br \/>\nEl fallo del jurado se emitir\u00e1 el d\u00eda 15 de Septiembre de 2017 y ser\u00e1 visible en la p\u00e1gina del concurso.<br \/>\nLa hora oficial de Fomunity ser\u00e1 CET [http:\/\/es.wikipedia.org\/wiki\/Hora_central_europea], teniendo en cuenta el horario de verano CEST [http:\/\/es.wikipedia.org\/wiki\/Hora_central_europea].<\/p>\n<h2>7. Jurado<\/h2>\n<p>El jurado del concurso estar\u00e1 formado por:<\/p>\n<ol>\n<li>Un profesional de fotograf\u00eda de Menorca: Javier Coll<\/li>\n<li>Un miembro de la empresa de Bonnin Sanso: Juan Mateo Torres<\/li>\n<li>Un profesional de la comunicai\u00f3n: David Baret<\/li>\n<\/ol>\n<p>El fallo ser\u00e1 inapelable.<\/p>\n<h2>8. Premios<\/h2>\n<p>Se repartir\u00e1n varios premios:<\/p>\n<p><strong>Primer premio:<\/strong> 2 pares de abarcas de la marca MIBO y una comida o cena en el hotel de lujo Cug\u00f3 Gran ubicado en Sant Climent (bebida no incluida)<\/p>\n<p><strong>Segundo premio:<\/strong> escultura de teca de la casa Aquitania (portes incluidos en Espa\u00f1a)<\/p>\n<p><strong>Tercer premio:<\/strong> un par de abarcas de la marca MIBO\u00a0 y brunch para dos personas en el hotel Boutique Ses Bruixes de Mah\u00f3n. (20\u20ac \/ persona)<\/p>\n<p>Un concursante podr\u00e1 acceder a un \u00fanico premio o acc\u00e9sit, independientemente del n\u00famero de fotograf\u00edas que haya presentado en este concurso.<\/p>\n<p>&nbsp;<\/p>\n<h2>9. Observaciones<\/h2>\n<p>No se admitir\u00e1n obras que atenten contra la dignidad de las personas y\/o contra los derechos humanos.<br \/>\nNo optar\u00e1n a premio fotograf\u00edas en las que figure cualquier texto sobreimpreso o marca de agua, ni las que tengan cualquier tipo de marco o que identifiquen al autor de cualquier manera (en la fotograf\u00eda, en el t\u00edtulo o en el argumento). Cualquier fotograf\u00eda que no cumpla dichas caracter\u00edsticas ser\u00e1 descartada por el jurado.<br \/>\nLos participantes ser\u00e1n responsables de las reclamaciones que se produjeran por derechos de imagen y terceros.<\/p>\n<p>Fomunity se reserva el derecho de eliminar del concurso cualquier fotograf\u00eda que, a criterio del jurado o del equipo de Fomunity, se considere que, de manera evidente, no se ajusta al tema propuesto.<br \/>\nCualquier caso imprevisto no contemplado por estas bases ser\u00e1 resuelto por el jurado conjuntamente con el equipo de Fomunity.[\/vc_column_text][\/vc_column][\/vc_row]<\/p>\n","protected":false},"excerpt":{"rendered":"<p>[vc_row][vc_column][vc_column_text] 1. T\u00e9rminos y condiciones Las presentes bases del concurso ampl\u00edan los t\u00e9rminos y condiciones de uso https:\/\/fomunity.com\/legal del servicio Fomunity. En caso de entrar en contradicci\u00f3n prevalecer\u00e1n las condiciones establecidas en las presentes bases. La participaci\u00f3n en este concurso implica la aceptaci\u00f3n de los [&hellip;]<\/p>\n","protected":false},"author":1,"featured_media":0,"parent":0,"menu_order":0,"comment_status":"closed","ping_status":"closed","template":"","meta":[],"yoast_head":"<!-- This site is optimized with the Yoast SEO plugin v17.4 - https:\/\/yoast.com\/wordpress\/plugins\/seo\/ -->\n<title>Concurso Fotogr\u00e1fico Discovery Menorca 2017<\/title>\n<meta name=\"robots\" content=\"index, follow, max-snippet:-1, max-image-preview:large, max-video-preview:-1\" \/>\n<link rel=\"canonical\" href=\"https:\/\/www.bonninsanso.com\/discoverymenorca\/concurso-fotografico-discovery-menorca-2017\/\" \/>\n<meta property=\"og:locale\" content=\"es_ES\" \/>\n<meta property=\"og:type\" content=\"article\" \/>\n<meta property=\"og:title\" content=\"Concurso Fotogr\u00e1fico Discovery Menorca 2017\" \/>\n<meta property=\"og:description\" content=\"[vc_row][vc_column][vc_column_text] 1. T\u00e9rminos y condiciones Las presentes bases del concurso ampl\u00edan los t\u00e9rminos y condiciones de uso https:\/\/fomunity.com\/legal del servicio Fomunity. En caso de entrar en contradicci\u00f3n prevalecer\u00e1n las condiciones establecidas en las presentes bases. La participaci\u00f3n en este concurso implica la aceptaci\u00f3n de los [&hellip;]\" \/>\n<meta property=\"og:url\" content=\"https:\/\/www.bonninsanso.com\/discoverymenorca\/concurso-fotografico-discovery-menorca-2017\/\" \/>\n<meta property=\"og:site_name\" content=\"Blog de Menorca de Bonnin Sanso\" \/>\n<meta property=\"article:modified_time\" content=\"2017-07-31T16:14:32+00:00\" \/>\n<meta name=\"twitter:card\" content=\"summary\" \/>\n<meta name=\"twitter:label1\" content=\"Tiempo de lectura\" \/>\n\t<meta name=\"twitter:data1\" content=\"4 minutos\" \/>\n<script type=\"application\/ld+json\" class=\"yoast-schema-graph\">{\"@context\":\"https:\/\/schema.org\",\"@graph\":[{\"@type\":\"WebSite\",\"@id\":\"https:\/\/www.bonninsanso.com\/discoverymenorca\/#website\",\"url\":\"https:\/\/www.bonninsanso.com\/discoverymenorca\/\",\"name\":\"Blog de Menorca de Bonnin Sanso\",\"description\":\"Informaci\\u00f3n sobre playas, zonas, rutas, tiendas y planes que hacer en Menorca.\",\"potentialAction\":[{\"@type\":\"SearchAction\",\"target\":{\"@type\":\"EntryPoint\",\"urlTemplate\":\"https:\/\/www.bonninsanso.com\/discoverymenorca\/?s={search_term_string}\"},\"query-input\":\"required name=search_term_string\"}],\"inLanguage\":\"es\"},{\"@type\":\"WebPage\",\"@id\":\"https:\/\/www.bonninsanso.com\/discoverymenorca\/concurso-fotografico-discovery-menorca-2017\/#webpage\",\"url\":\"https:\/\/www.bonninsanso.com\/discoverymenorca\/concurso-fotografico-discovery-menorca-2017\/\",\"name\":\"Concurso Fotogr\\u00e1fico Discovery Menorca 2017\",\"isPartOf\":{\"@id\":\"https:\/\/www.bonninsanso.com\/discoverymenorca\/#website\"},\"datePublished\":\"2017-05-24T07:12:39+00:00\",\"dateModified\":\"2017-07-31T16:14:32+00:00\",\"breadcrumb\":{\"@id\":\"https:\/\/www.bonninsanso.com\/discoverymenorca\/concurso-fotografico-discovery-menorca-2017\/#breadcrumb\"},\"inLanguage\":\"es\",\"potentialAction\":[{\"@type\":\"ReadAction\",\"target\":[\"https:\/\/www.bonninsanso.com\/discoverymenorca\/concurso-fotografico-discovery-menorca-2017\/\"]}]},{\"@type\":\"BreadcrumbList\",\"@id\":\"https:\/\/www.bonninsanso.com\/discoverymenorca\/concurso-fotografico-discovery-menorca-2017\/#breadcrumb\",\"itemListElement\":[{\"@type\":\"ListItem\",\"position\":1,\"name\":\"Portada\",\"item\":\"https:\/\/www.bonninsanso.com\/discoverymenorca\/\"},{\"@type\":\"ListItem\",\"position\":2,\"name\":\"Concurso Fotogr\\u00e1fico Discovery Menorca 2017\"}]}]}<\/script>\n<!-- \/ Yoast SEO plugin. -->","yoast_head_json":{"title":"Concurso Fotogr\u00e1fico Discovery Menorca 2017","robots":{"index":"index","follow":"follow","max-snippet":"max-snippet:-1","max-image-preview":"max-image-preview:large","max-video-preview":"max-video-preview:-1"},"canonical":"https:\/\/www.bonninsanso.com\/discoverymenorca\/concurso-fotografico-discovery-menorca-2017\/","og_locale":"es_ES","og_type":"article","og_title":"Concurso Fotogr\u00e1fico Discovery Menorca 2017","og_description":"[vc_row][vc_column][vc_column_text] 1. T\u00e9rminos y condiciones Las presentes bases del concurso ampl\u00edan los t\u00e9rminos y condiciones de uso https:\/\/fomunity.com\/legal del servicio Fomunity. En caso de entrar en contradicci\u00f3n prevalecer\u00e1n las condiciones establecidas en las presentes bases. La participaci\u00f3n en este concurso implica la aceptaci\u00f3n de los [&hellip;]","og_url":"https:\/\/www.bonninsanso.com\/discoverymenorca\/concurso-fotografico-discovery-menorca-2017\/","og_site_name":"Blog de Menorca de Bonnin Sanso","article_modified_time":"2017-07-31T16:14:32+00:00","twitter_card":"summary","twitter_misc":{"Tiempo de lectura":"4 minutos"},"schema":{"@context":"https:\/\/schema.org","@graph":[{"@type":"WebSite","@id":"https:\/\/www.bonninsanso.com\/discoverymenorca\/#website","url":"https:\/\/www.bonninsanso.com\/discoverymenorca\/","name":"Blog de Menorca de Bonnin Sanso","description":"Informaci\u00f3n sobre playas, zonas, rutas, tiendas y planes que hacer en Menorca.","potentialAction":[{"@type":"SearchAction","target":{"@type":"EntryPoint","urlTemplate":"https:\/\/www.bonninsanso.com\/discoverymenorca\/?s={search_term_string}"},"query-input":"required name=search_term_string"}],"inLanguage":"es"},{"@type":"WebPage","@id":"https:\/\/www.bonninsanso.com\/discoverymenorca\/concurso-fotografico-discovery-menorca-2017\/#webpage","url":"https:\/\/www.bonninsanso.com\/discoverymenorca\/concurso-fotografico-discovery-menorca-2017\/","name":"Concurso Fotogr\u00e1fico Discovery Menorca 2017","isPartOf":{"@id":"https:\/\/www.bonninsanso.com\/discoverymenorca\/#website"},"datePublished":"2017-05-24T07:12:39+00:00","dateModified":"2017-07-31T16:14:32+00:00","breadcrumb":{"@id":"https:\/\/www.bonninsanso.com\/discoverymenorca\/concurso-fotografico-discovery-menorca-2017\/#breadcrumb"},"inLanguage":"es","potentialAction":[{"@type":"ReadAction","target":["https:\/\/www.bonninsanso.com\/discoverymenorca\/concurso-fotografico-discovery-menorca-2017\/"]}]},{"@type":"BreadcrumbList","@id":"https:\/\/www.bonninsanso.com\/discoverymenorca\/concurso-fotografico-discovery-menorca-2017\/#breadcrumb","itemListElement":[{"@type":"ListItem","position":1,"name":"Portada","item":"https:\/\/www.bonninsanso.com\/discoverymenorca\/"},{"@type":"ListItem","position":2,"name":"Concurso Fotogr\u00e1fico Discovery Menorca 2017"}]}]}},"_links":{"self":[{"href":"https:\/\/www.bonninsanso.com\/discoverymenorca\/wp-json\/wp\/v2\/pages\/5806"}],"collection":[{"href":"https:\/\/www.bonninsanso.com\/discoverymenorca\/wp-json\/wp\/v2\/pages"}],"about":[{"href":"https:\/\/www.bonninsanso.com\/discoverymenorca\/wp-json\/wp\/v2\/types\/page"}],"author":[{"embeddable":true,"href":"https:\/\/www.bonninsanso.com\/discoverymenorca\/wp-json\/wp\/v2\/users\/1"}],"replies":[{"embeddable":true,"href":"https:\/\/www.bonninsanso.com\/discoverymenorca\/wp-json\/wp\/v2\/comments?post=5806"}],"version-history":[{"count":18,"href":"https:\/\/www.bonninsanso.com\/discoverymenorca\/wp-json\/wp\/v2\/pages\/5806\/revisions"}],"predecessor-version":[{"id":6050,"href":"https:\/\/www.bonninsanso.com\/discoverymenorca\/wp-json\/wp\/v2\/pages\/5806\/revisions\/6050"}],"wp:attachment":[{"href":"https:\/\/www.bonninsanso.com\/discoverymenorca\/wp-json\/wp\/v2\/media?parent=5806"}],"curies":[{"name":"wp","href":"https:\/\/api.w.org\/{rel}","templated":true}]}}